{"id":7,"date":"2017-09-08T22:23:26","date_gmt":"2017-09-08T20:23:26","guid":{"rendered":"http:\/\/rafaljedrzejka.pl\/?page_id=7"},"modified":"2021-11-07T20:49:52","modified_gmt":"2021-11-07T19:49:52","slug":"strona-glowna","status":"publish","type":"page","link":"https:\/\/rafaljedrzejka.pl\/","title":{"rendered":""},"content":{"rendered":"<h5>\u00a0Jak dot\u0105d mia\u0142em przyjemno\u015b\u0107 pracowa\u0107 z<\/h5>\n<p>&nbsp;<\/p>\n<h1><strong><a href=\"http:\/\/www.rezerwat.net.pl\/index.php?pdst=0500&#038;link=rezerwat_-_o_zespole\/\" target=\"_blank\" rel=\"noopener\">Rezerwat<\/a>\u00a0 \u00a0 \u00a0 \u00a0 \u00a0<a href=\"https:\/\/www.youtube.com\/watch?v=L5jBOxjOskg\/\" target=\"_blank\" rel=\"noopener\">In-Grid<\/a>\u00a0 \u00a0 \u00a0 \u00a0 \u00a0<a href=\"https:\/\/www.facebook.com\/velvetartist\" target=\"_blank\" rel=\"noopener\">Velvet<\/a>\u00a0 \u00a0 \u00a0 \u00a0 \u00a0<a href=\"https:\/\/m.facebook.com\/kosmowskipage\/?locale2=pl_PL\" target=\"_blank\" rel=\"noopener\">Ziemek Kosmowski<\/a><\/strong><br \/>\n<strong> <a href=\"https:\/\/pl.wikipedia.org\/wiki\/Edyta_Kuczy%C5%84ska\" target=\"_blank\" rel=\"noopener\">Edi Ann<\/a>\u00a0 \u00a0 \u00a0 \u00a0 \u00a0<a href=\"http:\/\/www.metal-archives.com\/artists\/Rafa%C5%82_J%C4%99drzejka\/80432\" target=\"_blank\" rel=\"noopener\">Dying Age<\/a>\u00a0 \u00a0 \u00a0 \u00a0 \u00a0<a href=\"https:\/\/en.wikipedia.org\/wiki\/Freddy_Quinn\" target=\"_blank\" rel=\"noopener\">Freddy Quinn<\/a>\u00a0<\/strong>\u2026<\/h1>\n","protected":false},"excerpt":{"rendered":"<p>\u00a0Jak dot\u0105d mia\u0142em przyjemno\u015b\u0107 pracowa\u0107 z &nbsp; Rezerwat\u00a0 \u00a0 \u00a0 \u00a0 \u00a0In-Grid\u00a0 \u00a0 \u00a0 \u00a0 \u00a0Velvet\u00a0 \u00a0 \u00a0 \u00a0 \u00a0Ziemek Kosmowski Edi Ann\u00a0 \u00a0 \u00a0 \u00a0 \u00a0Dying Age\u00a0 \u00a0 \u00a0 \u00a0 \u00a0Freddy Quinn\u00a0\u2026<\/p>\n","protected":false},"author":1,"featured_media":0,"parent":0,"menu_order":0,"comment_status":"closed","ping_status":"closed","template":"","meta":{"footnotes":""},"_links":{"self":[{"href":"https:\/\/rafaljedrzejka.pl\/index.php?rest_route=\/wp\/v2\/pages\/7"}],"collection":[{"href":"https:\/\/rafaljedrzejka.pl\/index.php?rest_route=\/wp\/v2\/pages"}],"about":[{"href":"https:\/\/rafaljedrzejka.pl\/index.php?rest_route=\/wp\/v2\/types\/page"}],"author":[{"embeddable":true,"href":"https:\/\/rafaljedrzejka.pl\/index.php?rest_route=\/wp\/v2\/users\/1"}],"replies":[{"embeddable":true,"href":"https:\/\/rafaljedrzejka.pl\/index.php?rest_route=%2Fwp%2Fv2%2Fcomments&post=7"}],"version-history":[{"count":80,"href":"https:\/\/rafaljedrzejka.pl\/index.php?rest_route=\/wp\/v2\/pages\/7\/revisions"}],"predecessor-version":[{"id":568,"href":"https:\/\/rafaljedrzejka.pl\/index.php?rest_route=\/wp\/v2\/pages\/7\/revisions\/568"}],"wp:attachment":[{"href":"https:\/\/rafaljedrzejka.pl\/index.php?rest_route=%2Fwp%2Fv2%2Fmedia&parent=7"}],"curies":[{"name":"wp","href":"https:\/\/api.w.org\/{rel}","templated":true}]}}